{"id":26,"date":"2023-10-08T13:20:09","date_gmt":"2023-10-08T13:20:09","guid":{"rendered":"https:\/\/orthoptistes-yssingeaux.fr\/backdropwp\/?page_id=26"},"modified":"2025-01-09T17:19:00","modified_gmt":"2025-01-09T17:19:00","slug":"cabinet-dorthoptie-dyssingeaux","status":"publish","type":"page","link":"https:\/\/orthoptistes-yssingeaux.fr\/site\/","title":{"rendered":"Cabinet d&rsquo;orthoptie d&rsquo;Yssingeaux"},"content":{"rendered":"\n<p class=\"has-medium-font-size\"><strong>Deux cabinets<\/strong>&nbsp;\u00e0 Yssingeaux pour la sant\u00e9 de vos yeux :&nbsp;<\/p>\n\n\n\n<p class=\"has-medium-font-size\">&#8211; <strong>130 Boulevard de la Paix<\/strong> pour&nbsp;<strong><mark style=\"background-color:rgba(0, 0, 0, 0)\" class=\"has-inline-color has-luminous-vivid-orange-color\">les bilans orthoptiques,<\/mark><\/strong> <strong><mark style=\"background-color:rgba(0, 0, 0, 0)\" class=\"has-inline-color has-luminous-vivid-orange-color\">les d\u00e9pistages, la r\u00e9\u00e9ducation, les champs visuels.<\/mark><\/strong><\/p>\n\n\n\n<p class=\"has-medium-font-size\">&#8211; Cabinet M\u00e9dyssant\u00e9 (en face de La Poste) &#8211; <strong>5 Avenue Georges Cl\u00e9menceau<\/strong> pour&nbsp;<strong><mark style=\"background-color:rgba(0, 0, 0, 0)\" class=\"has-inline-color has-luminous-vivid-orange-color\">le renouvellement de lunettes en t\u00e9l\u00e9ophtalmologie.<\/mark><\/strong><\/p>\n\n\n\n<h2 class=\"wp-block-heading alignwide has-text-align-center\" id=\"we-re-a-studio-in-berlin-with-an-international-practice-in-architecture-urban-planning-and-interior-design-we-believe-in-sharing-knowledge-and-promoting-dialogue-to-increase-the-creative-potential-of-collaboration\" style=\"font-size:48px;line-height:1.1\">Vous souhaitez prendre rendez-vous pour :<\/h2>\n\n\n\n<div style=\"height:35px\" aria-hidden=\"true\" class=\"wp-block-spacer\"><\/div>\n\n\n\n<div class=\"wp-block-columns is-layout-flex wp-container-core-columns-is-layout-1 wp-block-columns-is-layout-flex\">\n<div class=\"wp-block-column is-vertically-aligned-top is-layout-flow wp-block-column-is-layout-flow\">\n<div class=\"wp-block-cover is-light\" style=\"min-height:183px;aspect-ratio:unset;\"><span aria-hidden=\"true\" class=\"wp-block-cover__background has-background-dim-30 has-background-dim\"><\/span><img loading=\"lazy\" decoding=\"async\" width=\"800\" height=\"533\" class=\"wp-block-cover__image-background wp-image-34\" alt=\"\" src=\"https:\/\/orthoptistes-yssingeaux.fr\/backdrop\/wp-content\/uploads\/2023\/10\/depistage.jpg\" data-object-fit=\"cover\" srcset=\"https:\/\/orthoptistes-yssingeaux.fr\/site\/wp-content\/uploads\/2023\/10\/depistage.jpg 800w, https:\/\/orthoptistes-yssingeaux.fr\/site\/wp-content\/uploads\/2023\/10\/depistage-300x200.jpg 300w, https:\/\/orthoptistes-yssingeaux.fr\/site\/wp-content\/uploads\/2023\/10\/depistage-768x512.jpg 768w\" sizes=\"(max-width: 800px) 100vw, 800px\" \/><div class=\"wp-block-cover__inner-container is-layout-flow wp-block-cover-is-layout-flow\">\n<p class=\"has-text-align-center has-white-color has-text-color\" style=\"font-size:19px\"><strong>Un bilan orthoptique<\/strong> <\/p>\n\n\n\n<p class=\"has-text-align-center has-white-color has-text-color\" style=\"font-size:19px\"><strong>Un d\u00e9pistage visuel enfant<\/strong><\/p>\n\n\n\n<p class=\"has-text-align-center has-white-color has-text-color\" style=\"font-size:19px\"> <strong>Un champ visuel<\/strong><\/p>\n<\/div><\/div>\n\n\n\n<div style=\"height:50px\" aria-hidden=\"true\" class=\"wp-block-spacer\"><\/div>\n\n\n\n<p class=\"has-text-align-center has-medium-font-size\"><strong>Doit imp\u00e9rativement \u00eatre <mark style=\"background-color:rgba(0, 0, 0, 0)\" class=\"has-inline-color has-luminous-vivid-orange-color\">prescrit par un m\u00e9decin<\/mark><\/strong><\/p>\n\n\n\n<p class=\"has-text-align-center has-medium-font-size\">Le rendez vous se d\u00e9roulera :<\/p>\n\n\n\n<div style=\"height:50px\" aria-hidden=\"true\" class=\"wp-block-spacer\"><\/div>\n\n\n\n<h3 class=\"wp-block-heading has-text-align-center\">130 Boulevard de la Paix, 43200 Yssingeaux<\/h3>\n\n\n\n<div style=\"height:55px\" aria-hidden=\"true\" class=\"wp-block-spacer\"><\/div>\n\n\n\n<div class=\"wp-block-buttons is-content-justification-center is-layout-flex wp-container-core-buttons-is-layout-1 wp-block-buttons-is-layout-flex\">\n<div class=\"wp-block-button has-custom-font-size has-medium-font-size\"><a class=\"wp-block-button__link has-white-color has-luminous-vivid-amber-background-color has-text-color has-background has-text-align-center wp-element-button\" href=\"https:\/\/orthoptistes-yssingeaux.fr\/backdrop\/bilan-orthoptique-depistage-visuel-enfant-champ-visuel\/\">Prendre RdV pour un bilan orthoptique \/ un d\u00e9pistage visuel \/ un champ visuel<\/a><\/div>\n<\/div>\n<\/div>\n\n\n\n<div class=\"wp-block-column has-black-background-color has-background is-layout-flow wp-block-column-is-layout-flow\" style=\"flex-basis:2px\"><\/div>\n\n\n\n<div class=\"wp-block-column is-layout-flow wp-block-column-is-layout-flow\">\n<div class=\"wp-block-cover is-light\" style=\"min-height:183px;aspect-ratio:unset;\"><span aria-hidden=\"true\" class=\"wp-block-cover__background has-background-dim-30 has-background-dim\"><\/span><img loading=\"lazy\" decoding=\"async\" width=\"800\" height=\"533\" class=\"wp-block-cover__image-background wp-image-35\" alt=\"\" src=\"https:\/\/orthoptistes-yssingeaux.fr\/backdrop\/wp-content\/uploads\/2023\/10\/lunettes.jpg\" data-object-fit=\"cover\" srcset=\"https:\/\/orthoptistes-yssingeaux.fr\/site\/wp-content\/uploads\/2023\/10\/lunettes.jpg 800w, https:\/\/orthoptistes-yssingeaux.fr\/site\/wp-content\/uploads\/2023\/10\/lunettes-300x200.jpg 300w, https:\/\/orthoptistes-yssingeaux.fr\/site\/wp-content\/uploads\/2023\/10\/lunettes-768x512.jpg 768w\" sizes=\"(max-width: 800px) 100vw, 800px\" \/><div class=\"wp-block-cover__inner-container is-layout-flow wp-block-cover-is-layout-flow\">\n<p class=\"has-text-align-center has-white-color has-text-color\" style=\"font-size:19px\"><strong>Un renouvellement de lunettes en t\u00e9l\u00e9ophtalmologie<\/strong><\/p>\n<\/div><\/div>\n\n\n\n<div style=\"height:50px\" aria-hidden=\"true\" class=\"wp-block-spacer\"><\/div>\n\n\n\n<p class=\"has-text-align-center has-medium-font-size\"><strong>&nbsp;Accessible sans ordonnance<\/strong><\/p>\n\n\n\n<div style=\"height:25px\" aria-hidden=\"true\" class=\"wp-block-spacer\"><\/div>\n\n\n\n<p class=\"has-text-align-center has-medium-font-size\">Le rendez vous se d\u00e9roulera :&nbsp;<\/p>\n\n\n\n<h3 class=\"wp-block-heading has-text-align-center\">5, Avenue Georges Clemenceau, 43200 Yssingeaux (cabinet M\u00e9dyssant\u00e9 situ\u00e9 en face de La Poste)&nbsp;<\/h3>\n\n\n\n<div class=\"wp-block-buttons is-layout-flex wp-block-buttons-is-layout-flex\">\n<div class=\"wp-block-button has-custom-font-size is-style-fill has-medium-font-size\"><a class=\"wp-block-button__link has-white-color has-luminous-vivid-amber-background-color has-text-color has-background has-text-align-center wp-element-button\" href=\"https:\/\/orthoptistes-yssingeaux.fr\/backdrop\/consultation-de-teleophtalmologie\">Prendre RdV pour une consultation de t\u00e9l\u00e9ophtalmologie<\/a><\/div>\n<\/div>\n<\/div>\n\n\n\n<div class=\"wp-block-column has-black-background-color has-background is-layout-flow wp-block-column-is-layout-flow\" style=\"flex-basis:2px\"><\/div>\n\n\n\n<div class=\"wp-block-column is-layout-flow wp-block-column-is-layout-flow\">\n<div class=\"wp-block-cover\" style=\"min-height:183px;aspect-ratio:unset;\"><span aria-hidden=\"true\" class=\"wp-block-cover__background has-background-dim-30 has-background-dim\"><\/span><img loading=\"lazy\" decoding=\"async\" width=\"800\" height=\"533\" class=\"wp-block-cover__image-background wp-image-36\" alt=\"\" src=\"https:\/\/orthoptistes-yssingeaux.fr\/backdrop\/wp-content\/uploads\/2023\/10\/telephone.png\" data-object-fit=\"cover\" srcset=\"https:\/\/orthoptistes-yssingeaux.fr\/site\/wp-content\/uploads\/2023\/10\/telephone.png 800w, https:\/\/orthoptistes-yssingeaux.fr\/site\/wp-content\/uploads\/2023\/10\/telephone-300x200.png 300w, https:\/\/orthoptistes-yssingeaux.fr\/site\/wp-content\/uploads\/2023\/10\/telephone-768x512.png 768w\" sizes=\"(max-width: 800px) 100vw, 800px\" \/><div class=\"wp-block-cover__inner-container is-layout-flow wp-block-cover-is-layout-flow\">\n<p class=\"has-text-align-center has-white-color has-text-color\" style=\"font-size:19px\"><strong>Pour toute autre demande<\/strong><\/p>\n<\/div><\/div>\n\n\n\n<div style=\"height:50px\" aria-hidden=\"true\" class=\"wp-block-spacer\"><\/div>\n\n\n\n<div style=\"height:70px\" aria-hidden=\"true\" class=\"wp-block-spacer\"><\/div>\n\n\n\n<p class=\"has-text-align-center has-medium-font-size\">N&rsquo;h\u00e9sitez pas \u00e0 nous contacter par t\u00e9l\u00e9phone et \u00e0 nous laisser un message sur le r\u00e9pondeur si nous ne r\u00e9pondons pas<\/p>\n\n\n\n<div style=\"height:49px\" aria-hidden=\"true\" class=\"wp-block-spacer\"><\/div>\n\n\n\n<div class=\"wp-block-buttons is-content-justification-center is-layout-flex wp-container-core-buttons-is-layout-3 wp-block-buttons-is-layout-flex\">\n<div class=\"wp-block-button has-custom-font-size is-style-fill has-medium-font-size\"><a class=\"wp-block-button__link has-white-color has-luminous-vivid-amber-background-color has-text-color has-background has-text-align-center wp-element-button\" href=\"tel:0471590138\">04-71-59-01-38<\/a><\/div>\n<\/div>\n<\/div>\n<\/div>\n","protected":false},"excerpt":{"rendered":"<p>Deux cabinets&nbsp;\u00e0 Yssingeaux pour la sant\u00e9 de vos yeux :&nbsp; &#8211; 130 Boulevard de la Paix pour&nbsp;les bilans orthoptiques, les d\u00e9pistages, la r\u00e9\u00e9ducation, les champs visuels. &#8211; Cabinet M\u00e9dyssant\u00e9 (en face de La Poste) &#8211; 5 Avenue Georges Cl\u00e9menceau pour&nbsp;le renouvellement de lunettes en t\u00e9l\u00e9ophtalmologie. Vous souhaitez prendre rendez-vous pour : Doit imp\u00e9rativement \u00eatre prescrit [&hellip;]<\/p>\n","protected":false},"author":1,"featured_media":0,"parent":0,"menu_order":0,"comment_status":"closed","ping_status":"closed","template":"","meta":{"footnotes":""},"yoast_head":"<!-- This site is optimized with the Yoast SEO plugin v24.5 - https:\/\/yoast.com\/wordpress\/plugins\/seo\/ -->\n<title>Cabinet d&#039;orthoptie d&#039;Yssingeaux - Sylvie Brunel - Cyprien Nesme - Cindy Jourdan<\/title>\n<meta name=\"robots\" content=\"index, follow, max-snippet:-1, max-image-preview:large, max-video-preview:-1\" \/>\n<link rel=\"canonical\" href=\"https:\/\/orthoptistes-yssingeaux.fr\/site\/\" \/>\n<meta property=\"og:locale\" content=\"fr_FR\" \/>\n<meta property=\"og:type\" content=\"article\" \/>\n<meta property=\"og:title\" content=\"Cabinet d&#039;orthoptie d&#039;Yssingeaux - Sylvie Brunel - Cyprien Nesme - Cindy Jourdan\" \/>\n<meta property=\"og:description\" content=\"Deux cabinets&nbsp;\u00e0 Yssingeaux pour la sant\u00e9 de vos yeux :&nbsp; &#8211; 130 Boulevard de la Paix pour&nbsp;les bilans orthoptiques, les d\u00e9pistages, la r\u00e9\u00e9ducation, les champs visuels. &#8211; Cabinet M\u00e9dyssant\u00e9 (en face de La Poste) &#8211; 5 Avenue Georges Cl\u00e9menceau pour&nbsp;le renouvellement de lunettes en t\u00e9l\u00e9ophtalmologie. Vous souhaitez prendre rendez-vous pour : Doit imp\u00e9rativement \u00eatre prescrit [&hellip;]\" \/>\n<meta property=\"og:url\" content=\"https:\/\/orthoptistes-yssingeaux.fr\/site\/\" \/>\n<meta property=\"og:site_name\" content=\"Sylvie Brunel - Cyprien Nesme - Cindy Jourdan\" \/>\n<meta property=\"article:modified_time\" content=\"2025-01-09T17:19:00+00:00\" \/>\n<meta property=\"og:image\" content=\"https:\/\/orthoptistes-yssingeaux.fr\/backdrop\/wp-content\/uploads\/2023\/10\/depistage.jpg\" \/>\n<meta name=\"twitter:card\" content=\"summary_large_image\" \/>\n<meta name=\"twitter:label1\" content=\"Dur\u00e9e de lecture estim\u00e9e\" \/>\n\t<meta name=\"twitter:data1\" content=\"2 minutes\" \/>\n<script type=\"application\/ld+json\" class=\"yoast-schema-graph\">{\"@context\":\"https:\/\/schema.org\",\"@graph\":[{\"@type\":\"WebPage\",\"@id\":\"https:\/\/orthoptistes-yssingeaux.fr\/site\/\",\"url\":\"https:\/\/orthoptistes-yssingeaux.fr\/site\/\",\"name\":\"Cabinet d'orthoptie d'Yssingeaux - Sylvie Brunel - Cyprien Nesme - Cindy Jourdan\",\"isPartOf\":{\"@id\":\"https:\/\/orthoptistes-yssingeaux.fr\/site\/#website\"},\"primaryImageOfPage\":{\"@id\":\"https:\/\/orthoptistes-yssingeaux.fr\/site\/#primaryimage\"},\"image\":{\"@id\":\"https:\/\/orthoptistes-yssingeaux.fr\/site\/#primaryimage\"},\"thumbnailUrl\":\"https:\/\/orthoptistes-yssingeaux.fr\/backdrop\/wp-content\/uploads\/2023\/10\/depistage.jpg\",\"datePublished\":\"2023-10-08T13:20:09+00:00\",\"dateModified\":\"2025-01-09T17:19:00+00:00\",\"breadcrumb\":{\"@id\":\"https:\/\/orthoptistes-yssingeaux.fr\/site\/#breadcrumb\"},\"inLanguage\":\"fr-FR\",\"potentialAction\":[{\"@type\":\"ReadAction\",\"target\":[\"https:\/\/orthoptistes-yssingeaux.fr\/site\/\"]}]},{\"@type\":\"ImageObject\",\"inLanguage\":\"fr-FR\",\"@id\":\"https:\/\/orthoptistes-yssingeaux.fr\/site\/#primaryimage\",\"url\":\"https:\/\/orthoptistes-yssingeaux.fr\/backdrop\/wp-content\/uploads\/2023\/10\/depistage.jpg\",\"contentUrl\":\"https:\/\/orthoptistes-yssingeaux.fr\/backdrop\/wp-content\/uploads\/2023\/10\/depistage.jpg\"},{\"@type\":\"BreadcrumbList\",\"@id\":\"https:\/\/orthoptistes-yssingeaux.fr\/site\/#breadcrumb\",\"itemListElement\":[{\"@type\":\"ListItem\",\"position\":1,\"name\":\"Accueil\",\"item\":\"https:\/\/orthoptistes-yssingeaux.fr\/site\/\"},{\"@type\":\"ListItem\",\"position\":2,\"name\":\"Cabinet d&rsquo;orthoptie d&rsquo;Yssingeaux\"}]},{\"@type\":\"WebSite\",\"@id\":\"https:\/\/orthoptistes-yssingeaux.fr\/site\/#website\",\"url\":\"https:\/\/orthoptistes-yssingeaux.fr\/site\/\",\"name\":\"Sylvie Brunel - Cyprien Nesme - Cindy Jourdan\",\"description\":\"D\u00e9pistage visuel - R\u00e9\u00e9ducation - Renouvellement de lunettes\",\"publisher\":{\"@id\":\"https:\/\/orthoptistes-yssingeaux.fr\/site\/#organization\"},\"potentialAction\":[{\"@type\":\"SearchAction\",\"target\":{\"@type\":\"EntryPoint\",\"urlTemplate\":\"https:\/\/orthoptistes-yssingeaux.fr\/site\/?s={search_term_string}\"},\"query-input\":{\"@type\":\"PropertyValueSpecification\",\"valueRequired\":true,\"valueName\":\"search_term_string\"}}],\"inLanguage\":\"fr-FR\"},{\"@type\":\"Organization\",\"@id\":\"https:\/\/orthoptistes-yssingeaux.fr\/site\/#organization\",\"name\":\"Sylvie Brunel - Cyprien Nesme - Cindy Jourdan orthoptistes \u00e0 yssingeaux\",\"url\":\"https:\/\/orthoptistes-yssingeaux.fr\/site\/\",\"logo\":{\"@type\":\"ImageObject\",\"inLanguage\":\"fr-FR\",\"@id\":\"https:\/\/orthoptistes-yssingeaux.fr\/site\/#\/schema\/logo\/image\/\",\"url\":\"https:\/\/orthoptistes-yssingeaux.fr\/site\/wp-content\/uploads\/2023\/10\/cropped-oeil.png\",\"contentUrl\":\"https:\/\/orthoptistes-yssingeaux.fr\/site\/wp-content\/uploads\/2023\/10\/cropped-oeil.png\",\"width\":683,\"height\":680,\"caption\":\"Sylvie Brunel - Cyprien Nesme - Cindy Jourdan orthoptistes \u00e0 yssingeaux\"},\"image\":{\"@id\":\"https:\/\/orthoptistes-yssingeaux.fr\/site\/#\/schema\/logo\/image\/\"}}]}<\/script>\n<!-- \/ Yoast SEO plugin. -->","yoast_head_json":{"title":"Cabinet d'orthoptie d'Yssingeaux - Sylvie Brunel - Cyprien Nesme - Cindy Jourdan","robots":{"index":"index","follow":"follow","max-snippet":"max-snippet:-1","max-image-preview":"max-image-preview:large","max-video-preview":"max-video-preview:-1"},"canonical":"https:\/\/orthoptistes-yssingeaux.fr\/site\/","og_locale":"fr_FR","og_type":"article","og_title":"Cabinet d'orthoptie d'Yssingeaux - Sylvie Brunel - Cyprien Nesme - Cindy Jourdan","og_description":"Deux cabinets&nbsp;\u00e0 Yssingeaux pour la sant\u00e9 de vos yeux :&nbsp; &#8211; 130 Boulevard de la Paix pour&nbsp;les bilans orthoptiques, les d\u00e9pistages, la r\u00e9\u00e9ducation, les champs visuels. &#8211; Cabinet M\u00e9dyssant\u00e9 (en face de La Poste) &#8211; 5 Avenue Georges Cl\u00e9menceau pour&nbsp;le renouvellement de lunettes en t\u00e9l\u00e9ophtalmologie. Vous souhaitez prendre rendez-vous pour : Doit imp\u00e9rativement \u00eatre prescrit [&hellip;]","og_url":"https:\/\/orthoptistes-yssingeaux.fr\/site\/","og_site_name":"Sylvie Brunel - Cyprien Nesme - Cindy Jourdan","article_modified_time":"2025-01-09T17:19:00+00:00","og_image":[{"url":"https:\/\/orthoptistes-yssingeaux.fr\/backdrop\/wp-content\/uploads\/2023\/10\/depistage.jpg","type":"","width":"","height":""}],"twitter_card":"summary_large_image","twitter_misc":{"Dur\u00e9e de lecture estim\u00e9e":"2 minutes"},"schema":{"@context":"https:\/\/schema.org","@graph":[{"@type":"WebPage","@id":"https:\/\/orthoptistes-yssingeaux.fr\/site\/","url":"https:\/\/orthoptistes-yssingeaux.fr\/site\/","name":"Cabinet d'orthoptie d'Yssingeaux - Sylvie Brunel - Cyprien Nesme - Cindy Jourdan","isPartOf":{"@id":"https:\/\/orthoptistes-yssingeaux.fr\/site\/#website"},"primaryImageOfPage":{"@id":"https:\/\/orthoptistes-yssingeaux.fr\/site\/#primaryimage"},"image":{"@id":"https:\/\/orthoptistes-yssingeaux.fr\/site\/#primaryimage"},"thumbnailUrl":"https:\/\/orthoptistes-yssingeaux.fr\/backdrop\/wp-content\/uploads\/2023\/10\/depistage.jpg","datePublished":"2023-10-08T13:20:09+00:00","dateModified":"2025-01-09T17:19:00+00:00","breadcrumb":{"@id":"https:\/\/orthoptistes-yssingeaux.fr\/site\/#breadcrumb"},"inLanguage":"fr-FR","potentialAction":[{"@type":"ReadAction","target":["https:\/\/orthoptistes-yssingeaux.fr\/site\/"]}]},{"@type":"ImageObject","inLanguage":"fr-FR","@id":"https:\/\/orthoptistes-yssingeaux.fr\/site\/#primaryimage","url":"https:\/\/orthoptistes-yssingeaux.fr\/backdrop\/wp-content\/uploads\/2023\/10\/depistage.jpg","contentUrl":"https:\/\/orthoptistes-yssingeaux.fr\/backdrop\/wp-content\/uploads\/2023\/10\/depistage.jpg"},{"@type":"BreadcrumbList","@id":"https:\/\/orthoptistes-yssingeaux.fr\/site\/#breadcrumb","itemListElement":[{"@type":"ListItem","position":1,"name":"Accueil","item":"https:\/\/orthoptistes-yssingeaux.fr\/site\/"},{"@type":"ListItem","position":2,"name":"Cabinet d&rsquo;orthoptie d&rsquo;Yssingeaux"}]},{"@type":"WebSite","@id":"https:\/\/orthoptistes-yssingeaux.fr\/site\/#website","url":"https:\/\/orthoptistes-yssingeaux.fr\/site\/","name":"Sylvie Brunel - Cyprien Nesme - Cindy Jourdan","description":"D\u00e9pistage visuel - R\u00e9\u00e9ducation - Renouvellement de lunettes","publisher":{"@id":"https:\/\/orthoptistes-yssingeaux.fr\/site\/#organization"},"potentialAction":[{"@type":"SearchAction","target":{"@type":"EntryPoint","urlTemplate":"https:\/\/orthoptistes-yssingeaux.fr\/site\/?s={search_term_string}"},"query-input":{"@type":"PropertyValueSpecification","valueRequired":true,"valueName":"search_term_string"}}],"inLanguage":"fr-FR"},{"@type":"Organization","@id":"https:\/\/orthoptistes-yssingeaux.fr\/site\/#organization","name":"Sylvie Brunel - Cyprien Nesme - Cindy Jourdan orthoptistes \u00e0 yssingeaux","url":"https:\/\/orthoptistes-yssingeaux.fr\/site\/","logo":{"@type":"ImageObject","inLanguage":"fr-FR","@id":"https:\/\/orthoptistes-yssingeaux.fr\/site\/#\/schema\/logo\/image\/","url":"https:\/\/orthoptistes-yssingeaux.fr\/site\/wp-content\/uploads\/2023\/10\/cropped-oeil.png","contentUrl":"https:\/\/orthoptistes-yssingeaux.fr\/site\/wp-content\/uploads\/2023\/10\/cropped-oeil.png","width":683,"height":680,"caption":"Sylvie Brunel - Cyprien Nesme - Cindy Jourdan orthoptistes \u00e0 yssingeaux"},"image":{"@id":"https:\/\/orthoptistes-yssingeaux.fr\/site\/#\/schema\/logo\/image\/"}}]}},"_links":{"self":[{"href":"https:\/\/orthoptistes-yssingeaux.fr\/site\/wp-json\/wp\/v2\/pages\/26"}],"collection":[{"href":"https:\/\/orthoptistes-yssingeaux.fr\/site\/wp-json\/wp\/v2\/pages"}],"about":[{"href":"https:\/\/orthoptistes-yssingeaux.fr\/site\/wp-json\/wp\/v2\/types\/page"}],"author":[{"embeddable":true,"href":"https:\/\/orthoptistes-yssingeaux.fr\/site\/wp-json\/wp\/v2\/users\/1"}],"replies":[{"embeddable":true,"href":"https:\/\/orthoptistes-yssingeaux.fr\/site\/wp-json\/wp\/v2\/comments?post=26"}],"version-history":[{"count":115,"href":"https:\/\/orthoptistes-yssingeaux.fr\/site\/wp-json\/wp\/v2\/pages\/26\/revisions"}],"predecessor-version":[{"id":261,"href":"https:\/\/orthoptistes-yssingeaux.fr\/site\/wp-json\/wp\/v2\/pages\/26\/revisions\/261"}],"wp:attachment":[{"href":"https:\/\/orthoptistes-yssingeaux.fr\/site\/wp-json\/wp\/v2\/media?parent=26"}],"curies":[{"name":"wp","href":"https:\/\/api.w.org\/{rel}","templated":true}]}}